{"id":1081,"date":"2017-02-01T09:50:32","date_gmt":"2017-02-01T08:50:32","guid":{"rendered":"http:\/\/piguet.mdmdemo.ch\/unsere-produkte\/metrologie\/"},"modified":"2017-03-21T23:27:48","modified_gmt":"2017-03-21T22:27:48","slug":"metrologie","status":"publish","type":"page","link":"https:\/\/www.piguet-freres.ch\/de\/unsere-produkte\/metrologie\/","title":{"rendered":"Metrologie"},"content":{"rendered":"","protected":false},"excerpt":{"rendered":"","protected":false},"author":1,"featured_media":1422,"parent":1060,"menu_order":2,"comment_status":"closed","ping_status":"closed","template":"template-metrologie.php","meta":{"_acf_changed":false,"footnotes":""},"class_list":["post-1081","page","type-page","status-publish","has-post-thumbnail","hentry"],"acf":[],"yoast_head":"<!-- This site is optimized with the Yoast SEO plugin v27.0 - https:\/\/yoast.com\/product\/yoast-seo-wordpress\/ -->\n<title>Metrologie &#8212; Piguet Fr\u00e8res SA<\/title>\n<meta name=\"robots\" content=\"index, follow, max-snippet:-1, max-image-preview:large, max-video-preview:-1\" \/>\n<link rel=\"canonical\" href=\"https:\/\/www.piguet-freres.ch\/de\/unsere-produkte\/metrologie\/\" \/>\n<meta property=\"og:locale\" content=\"de_DE\" \/>\n<meta property=\"og:type\" content=\"article\" \/>\n<meta property=\"og:title\" content=\"Metrologie &#8212; Piguet Fr\u00e8res SA\" \/>\n<meta property=\"og:url\" content=\"https:\/\/www.piguet-freres.ch\/de\/unsere-produkte\/metrologie\/\" \/>\n<meta property=\"og:site_name\" content=\"Piguet Fr\u00e8res SA\" \/>\n<meta property=\"article:modified_time\" content=\"2017-03-21T22:27:48+00:00\" \/>\n<meta property=\"og:image\" content=\"https:\/\/www.piguet-freres.ch\/wp-content\/uploads\/2017\/02\/metrologie.png\" \/>\n\t<meta property=\"og:image:width\" content=\"1524\" \/>\n\t<meta property=\"og:image:height\" content=\"832\" \/>\n\t<meta property=\"og:image:type\" content=\"image\/png\" \/>\n<meta name=\"twitter:card\" content=\"summary_large_image\" \/>\n<script type=\"application\/ld+json\" class=\"yoast-schema-graph\">{\"@context\":\"https:\/\/schema.org\",\"@graph\":[{\"@type\":\"WebPage\",\"@id\":\"https:\/\/www.piguet-freres.ch\/de\/unsere-produkte\/metrologie\/\",\"url\":\"https:\/\/www.piguet-freres.ch\/de\/unsere-produkte\/metrologie\/\",\"name\":\"Metrologie &#8212; Piguet Fr\u00e8res SA\",\"isPartOf\":{\"@id\":\"https:\/\/www.piguet-freres.ch\/#website\"},\"primaryImageOfPage\":{\"@id\":\"https:\/\/www.piguet-freres.ch\/de\/unsere-produkte\/metrologie\/#primaryimage\"},\"image\":{\"@id\":\"https:\/\/www.piguet-freres.ch\/de\/unsere-produkte\/metrologie\/#primaryimage\"},\"thumbnailUrl\":\"https:\/\/www.piguet-freres.ch\/wp-content\/uploads\/2017\/02\/metrologie.png\",\"datePublished\":\"2017-02-01T08:50:32+00:00\",\"dateModified\":\"2017-03-21T22:27:48+00:00\",\"breadcrumb\":{\"@id\":\"https:\/\/www.piguet-freres.ch\/de\/unsere-produkte\/metrologie\/#breadcrumb\"},\"inLanguage\":\"de\",\"potentialAction\":[{\"@type\":\"ReadAction\",\"target\":[\"https:\/\/www.piguet-freres.ch\/de\/unsere-produkte\/metrologie\/\"]}]},{\"@type\":\"ImageObject\",\"inLanguage\":\"de\",\"@id\":\"https:\/\/www.piguet-freres.ch\/de\/unsere-produkte\/metrologie\/#primaryimage\",\"url\":\"https:\/\/www.piguet-freres.ch\/wp-content\/uploads\/2017\/02\/metrologie.png\",\"contentUrl\":\"https:\/\/www.piguet-freres.ch\/wp-content\/uploads\/2017\/02\/metrologie.png\",\"width\":1524,\"height\":832},{\"@type\":\"BreadcrumbList\",\"@id\":\"https:\/\/www.piguet-freres.ch\/de\/unsere-produkte\/metrologie\/#breadcrumb\",\"itemListElement\":[{\"@type\":\"ListItem\",\"position\":1,\"name\":\"Accueil\",\"item\":\"https:\/\/www.piguet-freres.ch\/de\/\"},{\"@type\":\"ListItem\",\"position\":2,\"name\":\"Unsere Produkte\",\"item\":\"https:\/\/www.piguet-freres.ch\/de\/unsere-produkte\/\"},{\"@type\":\"ListItem\",\"position\":3,\"name\":\"Metrologie\"}]},{\"@type\":\"WebSite\",\"@id\":\"https:\/\/www.piguet-freres.ch\/#website\",\"url\":\"https:\/\/www.piguet-freres.ch\/\",\"name\":\"Piguet Fr\u00e8res SA\",\"description\":\"Mikrotechnische L\u00f6sungen nach Mass - Le Brassus, Vall\u00e9e de Joux, Schweiz\",\"potentialAction\":[{\"@type\":\"SearchAction\",\"target\":{\"@type\":\"EntryPoint\",\"urlTemplate\":\"https:\/\/www.piguet-freres.ch\/?s={search_term_string}\"},\"query-input\":{\"@type\":\"PropertyValueSpecification\",\"valueRequired\":true,\"valueName\":\"search_term_string\"}}],\"inLanguage\":\"de\"}]}<\/script>\n<!-- \/ Yoast SEO plugin. -->","yoast_head_json":{"title":"Metrologie &#8212; Piguet Fr\u00e8res SA","robots":{"index":"index","follow":"follow","max-snippet":"max-snippet:-1","max-image-preview":"max-image-preview:large","max-video-preview":"max-video-preview:-1"},"canonical":"https:\/\/www.piguet-freres.ch\/de\/unsere-produkte\/metrologie\/","og_locale":"de_DE","og_type":"article","og_title":"Metrologie &#8212; Piguet Fr\u00e8res SA","og_url":"https:\/\/www.piguet-freres.ch\/de\/unsere-produkte\/metrologie\/","og_site_name":"Piguet Fr\u00e8res SA","article_modified_time":"2017-03-21T22:27:48+00:00","og_image":[{"width":1524,"height":832,"url":"https:\/\/www.piguet-freres.ch\/wp-content\/uploads\/2017\/02\/metrologie.png","type":"image\/png"}],"twitter_card":"summary_large_image","schema":{"@context":"https:\/\/schema.org","@graph":[{"@type":"WebPage","@id":"https:\/\/www.piguet-freres.ch\/de\/unsere-produkte\/metrologie\/","url":"https:\/\/www.piguet-freres.ch\/de\/unsere-produkte\/metrologie\/","name":"Metrologie &#8212; Piguet Fr\u00e8res SA","isPartOf":{"@id":"https:\/\/www.piguet-freres.ch\/#website"},"primaryImageOfPage":{"@id":"https:\/\/www.piguet-freres.ch\/de\/unsere-produkte\/metrologie\/#primaryimage"},"image":{"@id":"https:\/\/www.piguet-freres.ch\/de\/unsere-produkte\/metrologie\/#primaryimage"},"thumbnailUrl":"https:\/\/www.piguet-freres.ch\/wp-content\/uploads\/2017\/02\/metrologie.png","datePublished":"2017-02-01T08:50:32+00:00","dateModified":"2017-03-21T22:27:48+00:00","breadcrumb":{"@id":"https:\/\/www.piguet-freres.ch\/de\/unsere-produkte\/metrologie\/#breadcrumb"},"inLanguage":"de","potentialAction":[{"@type":"ReadAction","target":["https:\/\/www.piguet-freres.ch\/de\/unsere-produkte\/metrologie\/"]}]},{"@type":"ImageObject","inLanguage":"de","@id":"https:\/\/www.piguet-freres.ch\/de\/unsere-produkte\/metrologie\/#primaryimage","url":"https:\/\/www.piguet-freres.ch\/wp-content\/uploads\/2017\/02\/metrologie.png","contentUrl":"https:\/\/www.piguet-freres.ch\/wp-content\/uploads\/2017\/02\/metrologie.png","width":1524,"height":832},{"@type":"BreadcrumbList","@id":"https:\/\/www.piguet-freres.ch\/de\/unsere-produkte\/metrologie\/#breadcrumb","itemListElement":[{"@type":"ListItem","position":1,"name":"Accueil","item":"https:\/\/www.piguet-freres.ch\/de\/"},{"@type":"ListItem","position":2,"name":"Unsere Produkte","item":"https:\/\/www.piguet-freres.ch\/de\/unsere-produkte\/"},{"@type":"ListItem","position":3,"name":"Metrologie"}]},{"@type":"WebSite","@id":"https:\/\/www.piguet-freres.ch\/#website","url":"https:\/\/www.piguet-freres.ch\/","name":"Piguet Fr\u00e8res SA","description":"Mikrotechnische L\u00f6sungen nach Mass - Le Brassus, Vall\u00e9e de Joux, Schweiz","potentialAction":[{"@type":"SearchAction","target":{"@type":"EntryPoint","urlTemplate":"https:\/\/www.piguet-freres.ch\/?s={search_term_string}"},"query-input":{"@type":"PropertyValueSpecification","valueRequired":true,"valueName":"search_term_string"}}],"inLanguage":"de"}]}},"_links":{"self":[{"href":"https:\/\/www.piguet-freres.ch\/de\/wp-json\/wp\/v2\/pages\/1081","targetHints":{"allow":["GET"]}}],"collection":[{"href":"https:\/\/www.piguet-freres.ch\/de\/wp-json\/wp\/v2\/pages"}],"about":[{"href":"https:\/\/www.piguet-freres.ch\/de\/wp-json\/wp\/v2\/types\/page"}],"author":[{"embeddable":true,"href":"https:\/\/www.piguet-freres.ch\/de\/wp-json\/wp\/v2\/users\/1"}],"replies":[{"embeddable":true,"href":"https:\/\/www.piguet-freres.ch\/de\/wp-json\/wp\/v2\/comments?post=1081"}],"version-history":[{"count":2,"href":"https:\/\/www.piguet-freres.ch\/de\/wp-json\/wp\/v2\/pages\/1081\/revisions"}],"predecessor-version":[{"id":1083,"href":"https:\/\/www.piguet-freres.ch\/de\/wp-json\/wp\/v2\/pages\/1081\/revisions\/1083"}],"up":[{"embeddable":true,"href":"https:\/\/www.piguet-freres.ch\/de\/wp-json\/wp\/v2\/pages\/1060"}],"wp:featuredmedia":[{"embeddable":true,"href":"https:\/\/www.piguet-freres.ch\/de\/wp-json\/wp\/v2\/media\/1422"}],"wp:attachment":[{"href":"https:\/\/www.piguet-freres.ch\/de\/wp-json\/wp\/v2\/media?parent=1081"}],"curies":[{"name":"wp","href":"https:\/\/api.w.org\/{rel}","templated":true}]}}