{"id":1071,"date":"2017-02-21T15:52:14","date_gmt":"2017-02-21T14:52:14","guid":{"rendered":"http:\/\/piguet.mdmdemo.ch\/telechargements\/"},"modified":"2020-09-22T08:05:31","modified_gmt":"2020-09-22T06:05:31","slug":"herunterladen","status":"publish","type":"page","link":"https:\/\/www.piguet-freres.ch\/de\/herunterladen\/","title":{"rendered":"Herunterladen"},"content":{"rendered":"","protected":false},"excerpt":{"rendered":"","protected":false},"author":1,"featured_media":0,"parent":0,"menu_order":0,"comment_status":"closed","ping_status":"closed","template":"template-downloads.php","meta":{"_acf_changed":false,"footnotes":""},"class_list":["post-1071","page","type-page","status-publish","hentry"],"acf":[],"yoast_head":"<!-- This site is optimized with the Yoast SEO plugin v27.0 - https:\/\/yoast.com\/product\/yoast-seo-wordpress\/ -->\n<title>Herunterladen &#8212; Piguet Fr\u00e8res SA<\/title>\n<meta name=\"robots\" content=\"index, follow, max-snippet:-1, max-image-preview:large, max-video-preview:-1\" \/>\n<link rel=\"canonical\" href=\"https:\/\/www.piguet-freres.ch\/de\/herunterladen\/\" \/>\n<meta property=\"og:locale\" content=\"de_DE\" \/>\n<meta property=\"og:type\" content=\"article\" \/>\n<meta property=\"og:title\" content=\"Herunterladen &#8212; Piguet Fr\u00e8res SA\" \/>\n<meta property=\"og:url\" content=\"https:\/\/www.piguet-freres.ch\/de\/herunterladen\/\" \/>\n<meta property=\"og:site_name\" content=\"Piguet Fr\u00e8res SA\" \/>\n<meta property=\"article:modified_time\" content=\"2020-09-22T06:05:31+00:00\" \/>\n<meta name=\"twitter:card\" content=\"summary_large_image\" \/>\n<script type=\"application\/ld+json\" class=\"yoast-schema-graph\">{\"@context\":\"https:\/\/schema.org\",\"@graph\":[{\"@type\":\"WebPage\",\"@id\":\"https:\/\/www.piguet-freres.ch\/de\/herunterladen\/\",\"url\":\"https:\/\/www.piguet-freres.ch\/de\/herunterladen\/\",\"name\":\"Herunterladen &#8212; Piguet Fr\u00e8res SA\",\"isPartOf\":{\"@id\":\"https:\/\/www.piguet-freres.ch\/#website\"},\"datePublished\":\"2017-02-21T14:52:14+00:00\",\"dateModified\":\"2020-09-22T06:05:31+00:00\",\"breadcrumb\":{\"@id\":\"https:\/\/www.piguet-freres.ch\/de\/herunterladen\/#breadcrumb\"},\"inLanguage\":\"de\",\"potentialAction\":[{\"@type\":\"ReadAction\",\"target\":[\"https:\/\/www.piguet-freres.ch\/de\/herunterladen\/\"]}]},{\"@type\":\"BreadcrumbList\",\"@id\":\"https:\/\/www.piguet-freres.ch\/de\/herunterladen\/#breadcrumb\",\"itemListElement\":[{\"@type\":\"ListItem\",\"position\":1,\"name\":\"Accueil\",\"item\":\"https:\/\/www.piguet-freres.ch\/de\/\"},{\"@type\":\"ListItem\",\"position\":2,\"name\":\"Herunterladen\"}]},{\"@type\":\"WebSite\",\"@id\":\"https:\/\/www.piguet-freres.ch\/#website\",\"url\":\"https:\/\/www.piguet-freres.ch\/\",\"name\":\"Piguet Fr\u00e8res SA\",\"description\":\"Mikrotechnische L\u00f6sungen nach Mass - Le Brassus, Vall\u00e9e de Joux, Schweiz\",\"potentialAction\":[{\"@type\":\"SearchAction\",\"target\":{\"@type\":\"EntryPoint\",\"urlTemplate\":\"https:\/\/www.piguet-freres.ch\/?s={search_term_string}\"},\"query-input\":{\"@type\":\"PropertyValueSpecification\",\"valueRequired\":true,\"valueName\":\"search_term_string\"}}],\"inLanguage\":\"de\"}]}<\/script>\n<!-- \/ Yoast SEO plugin. -->","yoast_head_json":{"title":"Herunterladen &#8212; Piguet Fr\u00e8res SA","robots":{"index":"index","follow":"follow","max-snippet":"max-snippet:-1","max-image-preview":"max-image-preview:large","max-video-preview":"max-video-preview:-1"},"canonical":"https:\/\/www.piguet-freres.ch\/de\/herunterladen\/","og_locale":"de_DE","og_type":"article","og_title":"Herunterladen &#8212; Piguet Fr\u00e8res SA","og_url":"https:\/\/www.piguet-freres.ch\/de\/herunterladen\/","og_site_name":"Piguet Fr\u00e8res SA","article_modified_time":"2020-09-22T06:05:31+00:00","twitter_card":"summary_large_image","schema":{"@context":"https:\/\/schema.org","@graph":[{"@type":"WebPage","@id":"https:\/\/www.piguet-freres.ch\/de\/herunterladen\/","url":"https:\/\/www.piguet-freres.ch\/de\/herunterladen\/","name":"Herunterladen &#8212; Piguet Fr\u00e8res SA","isPartOf":{"@id":"https:\/\/www.piguet-freres.ch\/#website"},"datePublished":"2017-02-21T14:52:14+00:00","dateModified":"2020-09-22T06:05:31+00:00","breadcrumb":{"@id":"https:\/\/www.piguet-freres.ch\/de\/herunterladen\/#breadcrumb"},"inLanguage":"de","potentialAction":[{"@type":"ReadAction","target":["https:\/\/www.piguet-freres.ch\/de\/herunterladen\/"]}]},{"@type":"BreadcrumbList","@id":"https:\/\/www.piguet-freres.ch\/de\/herunterladen\/#breadcrumb","itemListElement":[{"@type":"ListItem","position":1,"name":"Accueil","item":"https:\/\/www.piguet-freres.ch\/de\/"},{"@type":"ListItem","position":2,"name":"Herunterladen"}]},{"@type":"WebSite","@id":"https:\/\/www.piguet-freres.ch\/#website","url":"https:\/\/www.piguet-freres.ch\/","name":"Piguet Fr\u00e8res SA","description":"Mikrotechnische L\u00f6sungen nach Mass - Le Brassus, Vall\u00e9e de Joux, Schweiz","potentialAction":[{"@type":"SearchAction","target":{"@type":"EntryPoint","urlTemplate":"https:\/\/www.piguet-freres.ch\/?s={search_term_string}"},"query-input":{"@type":"PropertyValueSpecification","valueRequired":true,"valueName":"search_term_string"}}],"inLanguage":"de"}]}},"_links":{"self":[{"href":"https:\/\/www.piguet-freres.ch\/de\/wp-json\/wp\/v2\/pages\/1071","targetHints":{"allow":["GET"]}}],"collection":[{"href":"https:\/\/www.piguet-freres.ch\/de\/wp-json\/wp\/v2\/pages"}],"about":[{"href":"https:\/\/www.piguet-freres.ch\/de\/wp-json\/wp\/v2\/types\/page"}],"author":[{"embeddable":true,"href":"https:\/\/www.piguet-freres.ch\/de\/wp-json\/wp\/v2\/users\/1"}],"replies":[{"embeddable":true,"href":"https:\/\/www.piguet-freres.ch\/de\/wp-json\/wp\/v2\/comments?post=1071"}],"version-history":[{"count":6,"href":"https:\/\/www.piguet-freres.ch\/de\/wp-json\/wp\/v2\/pages\/1071\/revisions"}],"predecessor-version":[{"id":2714,"href":"https:\/\/www.piguet-freres.ch\/de\/wp-json\/wp\/v2\/pages\/1071\/revisions\/2714"}],"wp:attachment":[{"href":"https:\/\/www.piguet-freres.ch\/de\/wp-json\/wp\/v2\/media?parent=1071"}],"curies":[{"name":"wp","href":"https:\/\/api.w.org\/{rel}","templated":true}]}}