{"id":1060,"date":"2017-01-31T17:17:23","date_gmt":"2017-01-31T16:17:23","guid":{"rendered":"http:\/\/piguet.mdmdemo.ch\/activites\/"},"modified":"2017-04-26T17:56:34","modified_gmt":"2017-04-26T15:56:34","slug":"unsere-produkte","status":"publish","type":"page","link":"https:\/\/www.piguet-freres.ch\/de\/unsere-produkte\/","title":{"rendered":"Unsere Produkte"},"content":{"rendered":"<h3><\/h3>\n","protected":false},"excerpt":{"rendered":"","protected":false},"author":1,"featured_media":0,"parent":0,"menu_order":0,"comment_status":"closed","ping_status":"closed","template":"template-activities.php","meta":{"_acf_changed":false,"footnotes":""},"class_list":["post-1060","page","type-page","status-publish","hentry"],"acf":[],"yoast_head":"<!-- This site is optimized with the Yoast SEO plugin v27.0 - https:\/\/yoast.com\/product\/yoast-seo-wordpress\/ -->\n<title>Unsere Produkte - Piguet Fr\u00e8res SA - Le Brassus, Vall\u00e9e de Joux, Schweiz<\/title>\n<meta name=\"description\" content=\"Die computergest\u00fctzt von Piguet Fr\u00e8res hergestellten und zusammengesetzten Komponenten an Messtasten, medizinischen Sonden, Pumpenkolben, ...\" \/>\n<meta name=\"robots\" content=\"index, follow, max-snippet:-1, max-image-preview:large, max-video-preview:-1\" \/>\n<link rel=\"canonical\" href=\"https:\/\/www.piguet-freres.ch\/de\/unsere-produkte\/\" \/>\n<meta property=\"og:locale\" content=\"de_DE\" \/>\n<meta property=\"og:type\" content=\"article\" \/>\n<meta property=\"og:title\" content=\"Unsere Produkte - Piguet Fr\u00e8res SA - Le Brassus, Vall\u00e9e de Joux, Schweiz\" \/>\n<meta property=\"og:description\" content=\"Die computergest\u00fctzt von Piguet Fr\u00e8res hergestellten und zusammengesetzten Komponenten an Messtasten, medizinischen Sonden, Pumpenkolben, ...\" \/>\n<meta property=\"og:url\" content=\"https:\/\/www.piguet-freres.ch\/de\/unsere-produkte\/\" \/>\n<meta property=\"og:site_name\" content=\"Piguet Fr\u00e8res SA\" \/>\n<meta property=\"article:modified_time\" content=\"2017-04-26T15:56:34+00:00\" \/>\n<meta name=\"twitter:card\" content=\"summary_large_image\" \/>\n<script type=\"application\/ld+json\" class=\"yoast-schema-graph\">{\"@context\":\"https:\/\/schema.org\",\"@graph\":[{\"@type\":\"WebPage\",\"@id\":\"https:\/\/www.piguet-freres.ch\/de\/unsere-produkte\/\",\"url\":\"https:\/\/www.piguet-freres.ch\/de\/unsere-produkte\/\",\"name\":\"Unsere Produkte - Piguet Fr\u00e8res SA - Le Brassus, Vall\u00e9e de Joux, Schweiz\",\"isPartOf\":{\"@id\":\"https:\/\/www.piguet-freres.ch\/#website\"},\"datePublished\":\"2017-01-31T16:17:23+00:00\",\"dateModified\":\"2017-04-26T15:56:34+00:00\",\"description\":\"Die computergest\u00fctzt von Piguet Fr\u00e8res hergestellten und zusammengesetzten Komponenten an Messtasten, medizinischen Sonden, Pumpenkolben, ...\",\"breadcrumb\":{\"@id\":\"https:\/\/www.piguet-freres.ch\/de\/unsere-produkte\/#breadcrumb\"},\"inLanguage\":\"de\",\"potentialAction\":[{\"@type\":\"ReadAction\",\"target\":[\"https:\/\/www.piguet-freres.ch\/de\/unsere-produkte\/\"]}]},{\"@type\":\"BreadcrumbList\",\"@id\":\"https:\/\/www.piguet-freres.ch\/de\/unsere-produkte\/#breadcrumb\",\"itemListElement\":[{\"@type\":\"ListItem\",\"position\":1,\"name\":\"Accueil\",\"item\":\"https:\/\/www.piguet-freres.ch\/de\/\"},{\"@type\":\"ListItem\",\"position\":2,\"name\":\"Unsere Produkte\"}]},{\"@type\":\"WebSite\",\"@id\":\"https:\/\/www.piguet-freres.ch\/#website\",\"url\":\"https:\/\/www.piguet-freres.ch\/\",\"name\":\"Piguet Fr\u00e8res SA\",\"description\":\"Mikrotechnische L\u00f6sungen nach Mass - Le Brassus, Vall\u00e9e de Joux, Schweiz\",\"potentialAction\":[{\"@type\":\"SearchAction\",\"target\":{\"@type\":\"EntryPoint\",\"urlTemplate\":\"https:\/\/www.piguet-freres.ch\/?s={search_term_string}\"},\"query-input\":{\"@type\":\"PropertyValueSpecification\",\"valueRequired\":true,\"valueName\":\"search_term_string\"}}],\"inLanguage\":\"de\"}]}<\/script>\n<!-- \/ Yoast SEO plugin. -->","yoast_head_json":{"title":"Unsere Produkte - Piguet Fr\u00e8res SA - Le Brassus, Vall\u00e9e de Joux, Schweiz","description":"Die computergest\u00fctzt von Piguet Fr\u00e8res hergestellten und zusammengesetzten Komponenten an Messtasten, medizinischen Sonden, Pumpenkolben, ...","robots":{"index":"index","follow":"follow","max-snippet":"max-snippet:-1","max-image-preview":"max-image-preview:large","max-video-preview":"max-video-preview:-1"},"canonical":"https:\/\/www.piguet-freres.ch\/de\/unsere-produkte\/","og_locale":"de_DE","og_type":"article","og_title":"Unsere Produkte - Piguet Fr\u00e8res SA - Le Brassus, Vall\u00e9e de Joux, Schweiz","og_description":"Die computergest\u00fctzt von Piguet Fr\u00e8res hergestellten und zusammengesetzten Komponenten an Messtasten, medizinischen Sonden, Pumpenkolben, ...","og_url":"https:\/\/www.piguet-freres.ch\/de\/unsere-produkte\/","og_site_name":"Piguet Fr\u00e8res SA","article_modified_time":"2017-04-26T15:56:34+00:00","twitter_card":"summary_large_image","schema":{"@context":"https:\/\/schema.org","@graph":[{"@type":"WebPage","@id":"https:\/\/www.piguet-freres.ch\/de\/unsere-produkte\/","url":"https:\/\/www.piguet-freres.ch\/de\/unsere-produkte\/","name":"Unsere Produkte - Piguet Fr\u00e8res SA - Le Brassus, Vall\u00e9e de Joux, Schweiz","isPartOf":{"@id":"https:\/\/www.piguet-freres.ch\/#website"},"datePublished":"2017-01-31T16:17:23+00:00","dateModified":"2017-04-26T15:56:34+00:00","description":"Die computergest\u00fctzt von Piguet Fr\u00e8res hergestellten und zusammengesetzten Komponenten an Messtasten, medizinischen Sonden, Pumpenkolben, ...","breadcrumb":{"@id":"https:\/\/www.piguet-freres.ch\/de\/unsere-produkte\/#breadcrumb"},"inLanguage":"de","potentialAction":[{"@type":"ReadAction","target":["https:\/\/www.piguet-freres.ch\/de\/unsere-produkte\/"]}]},{"@type":"BreadcrumbList","@id":"https:\/\/www.piguet-freres.ch\/de\/unsere-produkte\/#breadcrumb","itemListElement":[{"@type":"ListItem","position":1,"name":"Accueil","item":"https:\/\/www.piguet-freres.ch\/de\/"},{"@type":"ListItem","position":2,"name":"Unsere Produkte"}]},{"@type":"WebSite","@id":"https:\/\/www.piguet-freres.ch\/#website","url":"https:\/\/www.piguet-freres.ch\/","name":"Piguet Fr\u00e8res SA","description":"Mikrotechnische L\u00f6sungen nach Mass - Le Brassus, Vall\u00e9e de Joux, Schweiz","potentialAction":[{"@type":"SearchAction","target":{"@type":"EntryPoint","urlTemplate":"https:\/\/www.piguet-freres.ch\/?s={search_term_string}"},"query-input":{"@type":"PropertyValueSpecification","valueRequired":true,"valueName":"search_term_string"}}],"inLanguage":"de"}]}},"_links":{"self":[{"href":"https:\/\/www.piguet-freres.ch\/de\/wp-json\/wp\/v2\/pages\/1060","targetHints":{"allow":["GET"]}}],"collection":[{"href":"https:\/\/www.piguet-freres.ch\/de\/wp-json\/wp\/v2\/pages"}],"about":[{"href":"https:\/\/www.piguet-freres.ch\/de\/wp-json\/wp\/v2\/types\/page"}],"author":[{"embeddable":true,"href":"https:\/\/www.piguet-freres.ch\/de\/wp-json\/wp\/v2\/users\/1"}],"replies":[{"embeddable":true,"href":"https:\/\/www.piguet-freres.ch\/de\/wp-json\/wp\/v2\/comments?post=1060"}],"version-history":[{"count":2,"href":"https:\/\/www.piguet-freres.ch\/de\/wp-json\/wp\/v2\/pages\/1060\/revisions"}],"predecessor-version":[{"id":1062,"href":"https:\/\/www.piguet-freres.ch\/de\/wp-json\/wp\/v2\/pages\/1060\/revisions\/1062"}],"wp:attachment":[{"href":"https:\/\/www.piguet-freres.ch\/de\/wp-json\/wp\/v2\/media?parent=1060"}],"curies":[{"name":"wp","href":"https:\/\/api.w.org\/{rel}","templated":true}]}}