{"id":1022,"date":"2017-02-16T15:17:29","date_gmt":"2017-02-16T14:17:29","guid":{"rendered":"http:\/\/piguet.mdmdemo.ch\/unseres-unternehmens\/markets\/"},"modified":"2017-03-21T16:51:54","modified_gmt":"2017-03-21T15:51:54","slug":"maerkte","status":"publish","type":"page","link":"https:\/\/www.piguet-freres.ch\/de\/unseres-unternehmens\/maerkte\/","title":{"rendered":"M\u00e4rkte"},"content":{"rendered":"","protected":false},"excerpt":{"rendered":"","protected":false},"author":1,"featured_media":0,"parent":1016,"menu_order":0,"comment_status":"closed","ping_status":"closed","template":"","meta":{"_acf_changed":false,"footnotes":""},"class_list":["post-1022","page","type-page","status-publish","hentry"],"acf":[],"yoast_head":"<!-- This site is optimized with the Yoast SEO plugin v27.5 - https:\/\/yoast.com\/product\/yoast-seo-wordpress\/ -->\n<title>M\u00e4rkte &#8212; Piguet Fr\u00e8res SA<\/title>\n<meta name=\"robots\" content=\"index, follow, max-snippet:-1, max-image-preview:large, max-video-preview:-1\" \/>\n<link rel=\"canonical\" href=\"https:\/\/www.piguet-freres.ch\/de\/unseres-unternehmens\/maerkte\/\" \/>\n<meta property=\"og:locale\" content=\"de_DE\" \/>\n<meta property=\"og:type\" content=\"article\" \/>\n<meta property=\"og:title\" content=\"M\u00e4rkte &#8212; Piguet Fr\u00e8res SA\" \/>\n<meta property=\"og:url\" content=\"https:\/\/www.piguet-freres.ch\/de\/unseres-unternehmens\/maerkte\/\" \/>\n<meta property=\"og:site_name\" content=\"Piguet Fr\u00e8res SA\" \/>\n<meta property=\"article:modified_time\" content=\"2017-03-21T15:51:54+00:00\" \/>\n<meta name=\"twitter:card\" content=\"summary_large_image\" \/>\n<script type=\"application\/ld+json\" class=\"yoast-schema-graph\">{\"@context\":\"https:\\\/\\\/schema.org\",\"@graph\":[{\"@type\":\"WebPage\",\"@id\":\"https:\\\/\\\/www.piguet-freres.ch\\\/de\\\/unseres-unternehmens\\\/maerkte\\\/\",\"url\":\"https:\\\/\\\/www.piguet-freres.ch\\\/de\\\/unseres-unternehmens\\\/maerkte\\\/\",\"name\":\"M\u00e4rkte &#8212; Piguet Fr\u00e8res SA\",\"isPartOf\":{\"@id\":\"https:\\\/\\\/www.piguet-freres.ch\\\/#website\"},\"datePublished\":\"2017-02-16T14:17:29+00:00\",\"dateModified\":\"2017-03-21T15:51:54+00:00\",\"breadcrumb\":{\"@id\":\"https:\\\/\\\/www.piguet-freres.ch\\\/de\\\/unseres-unternehmens\\\/maerkte\\\/#breadcrumb\"},\"inLanguage\":\"de\",\"potentialAction\":[{\"@type\":\"ReadAction\",\"target\":[\"https:\\\/\\\/www.piguet-freres.ch\\\/de\\\/unseres-unternehmens\\\/maerkte\\\/\"]}]},{\"@type\":\"BreadcrumbList\",\"@id\":\"https:\\\/\\\/www.piguet-freres.ch\\\/de\\\/unseres-unternehmens\\\/maerkte\\\/#breadcrumb\",\"itemListElement\":[{\"@type\":\"ListItem\",\"position\":1,\"name\":\"Accueil\",\"item\":\"https:\\\/\\\/www.piguet-freres.ch\\\/de\\\/\"},{\"@type\":\"ListItem\",\"position\":2,\"name\":\"Unser Unternehmen\",\"item\":\"https:\\\/\\\/www.piguet-freres.ch\\\/de\\\/unseres-unternehmens\\\/\"},{\"@type\":\"ListItem\",\"position\":3,\"name\":\"M\u00e4rkte\"}]},{\"@type\":\"WebSite\",\"@id\":\"https:\\\/\\\/www.piguet-freres.ch\\\/#website\",\"url\":\"https:\\\/\\\/www.piguet-freres.ch\\\/\",\"name\":\"Piguet Fr\u00e8res SA\",\"description\":\"Mikrotechnische L\u00f6sungen nach Mass - Le Brassus, Vall\u00e9e de Joux, Schweiz\",\"potentialAction\":[{\"@type\":\"SearchAction\",\"target\":{\"@type\":\"EntryPoint\",\"urlTemplate\":\"https:\\\/\\\/www.piguet-freres.ch\\\/?s={search_term_string}\"},\"query-input\":{\"@type\":\"PropertyValueSpecification\",\"valueRequired\":true,\"valueName\":\"search_term_string\"}}],\"inLanguage\":\"de\"}]}<\/script>\n<!-- \/ Yoast SEO plugin. -->","yoast_head_json":{"title":"M\u00e4rkte &#8212; Piguet Fr\u00e8res SA","robots":{"index":"index","follow":"follow","max-snippet":"max-snippet:-1","max-image-preview":"max-image-preview:large","max-video-preview":"max-video-preview:-1"},"canonical":"https:\/\/www.piguet-freres.ch\/de\/unseres-unternehmens\/maerkte\/","og_locale":"de_DE","og_type":"article","og_title":"M\u00e4rkte &#8212; Piguet Fr\u00e8res SA","og_url":"https:\/\/www.piguet-freres.ch\/de\/unseres-unternehmens\/maerkte\/","og_site_name":"Piguet Fr\u00e8res SA","article_modified_time":"2017-03-21T15:51:54+00:00","twitter_card":"summary_large_image","schema":{"@context":"https:\/\/schema.org","@graph":[{"@type":"WebPage","@id":"https:\/\/www.piguet-freres.ch\/de\/unseres-unternehmens\/maerkte\/","url":"https:\/\/www.piguet-freres.ch\/de\/unseres-unternehmens\/maerkte\/","name":"M\u00e4rkte &#8212; Piguet Fr\u00e8res SA","isPartOf":{"@id":"https:\/\/www.piguet-freres.ch\/#website"},"datePublished":"2017-02-16T14:17:29+00:00","dateModified":"2017-03-21T15:51:54+00:00","breadcrumb":{"@id":"https:\/\/www.piguet-freres.ch\/de\/unseres-unternehmens\/maerkte\/#breadcrumb"},"inLanguage":"de","potentialAction":[{"@type":"ReadAction","target":["https:\/\/www.piguet-freres.ch\/de\/unseres-unternehmens\/maerkte\/"]}]},{"@type":"BreadcrumbList","@id":"https:\/\/www.piguet-freres.ch\/de\/unseres-unternehmens\/maerkte\/#breadcrumb","itemListElement":[{"@type":"ListItem","position":1,"name":"Accueil","item":"https:\/\/www.piguet-freres.ch\/de\/"},{"@type":"ListItem","position":2,"name":"Unser Unternehmen","item":"https:\/\/www.piguet-freres.ch\/de\/unseres-unternehmens\/"},{"@type":"ListItem","position":3,"name":"M\u00e4rkte"}]},{"@type":"WebSite","@id":"https:\/\/www.piguet-freres.ch\/#website","url":"https:\/\/www.piguet-freres.ch\/","name":"Piguet Fr\u00e8res SA","description":"Mikrotechnische L\u00f6sungen nach Mass - Le Brassus, Vall\u00e9e de Joux, Schweiz","potentialAction":[{"@type":"SearchAction","target":{"@type":"EntryPoint","urlTemplate":"https:\/\/www.piguet-freres.ch\/?s={search_term_string}"},"query-input":{"@type":"PropertyValueSpecification","valueRequired":true,"valueName":"search_term_string"}}],"inLanguage":"de"}]}},"_links":{"self":[{"href":"https:\/\/www.piguet-freres.ch\/de\/wp-json\/wp\/v2\/pages\/1022","targetHints":{"allow":["GET"]}}],"collection":[{"href":"https:\/\/www.piguet-freres.ch\/de\/wp-json\/wp\/v2\/pages"}],"about":[{"href":"https:\/\/www.piguet-freres.ch\/de\/wp-json\/wp\/v2\/types\/page"}],"author":[{"embeddable":true,"href":"https:\/\/www.piguet-freres.ch\/de\/wp-json\/wp\/v2\/users\/1"}],"replies":[{"embeddable":true,"href":"https:\/\/www.piguet-freres.ch\/de\/wp-json\/wp\/v2\/comments?post=1022"}],"version-history":[{"count":3,"href":"https:\/\/www.piguet-freres.ch\/de\/wp-json\/wp\/v2\/pages\/1022\/revisions"}],"predecessor-version":[{"id":1026,"href":"https:\/\/www.piguet-freres.ch\/de\/wp-json\/wp\/v2\/pages\/1022\/revisions\/1026"}],"up":[{"embeddable":true,"href":"https:\/\/www.piguet-freres.ch\/de\/wp-json\/wp\/v2\/pages\/1016"}],"wp:attachment":[{"href":"https:\/\/www.piguet-freres.ch\/de\/wp-json\/wp\/v2\/media?parent=1022"}],"curies":[{"name":"wp","href":"https:\/\/api.w.org\/{rel}","templated":true}]}}